{"id":10074,"date":"2025-11-05T17:13:54","date_gmt":"2025-11-05T17:13:54","guid":{"rendered":"https:\/\/etagdigital.com\/?page_id=10074"},"modified":"2025-11-21T18:13:09","modified_gmt":"2025-11-21T18:13:09","slug":"contato","status":"publish","type":"page","link":"https:\/\/etagdigital.com\/en\/contato\/","title":{"rendered":"Contato"},"content":{"rendered":"\t\t<div data-elementor-type=\"wp-page\" data-elementor-id=\"10074\" class=\"elementor elementor-10074\" data-elementor-post-type=\"page\">\n\t\t\t\t<div class=\"elementor-element elementor-element-3aa6d046 e-flex e-con-boxed e-con e-parent\" data-id=\"3aa6d046\" data-element_type=\"container\" data-e-type=\"container\" data-settings=\"{&quot;background_background&quot;:&quot;gradient&quot;}\">\n\t\t\t\t\t<div class=\"e-con-inner\">\n\t\t<div class=\"elementor-element elementor-element-3753aaa6 e-con-full e-flex e-con e-child\" data-id=\"3753aaa6\" data-element_type=\"container\" data-e-type=\"container\">\n\t\t<div class=\"elementor-element elementor-element-65fac01b e-con-full animated-fast e-flex elementor-invisible e-con e-child\" data-id=\"65fac01b\" data-element_type=\"container\" data-e-type=\"container\" data-settings=\"{&quot;animation&quot;:&quot;fadeInLeft&quot;}\">\n\t\t\t\t<div class=\"elementor-element elementor-element-ae16f69 elementor-widget__width-initial elementor-widget elementor-widget-icon-box\" data-id=\"ae16f69\" data-element_type=\"widget\" data-e-type=\"widget\" data-widget_type=\"icon-box.default\">\n\t\t\t\t<div class=\"elementor-widget-container\">\n\t\t\t\t\t\t\t<div class=\"elementor-icon-box-wrapper\">\n\n\t\t\t\n\t\t\t\t\t\t<div class=\"elementor-icon-box-content\">\n\n\t\t\t\t\t\t\t\t\t<h2 class=\"elementor-icon-box-title\">\n\t\t\t\t\t\t<span  >\n\t\t\t\t\t\t\tFale com os especialistas da etag\t\t\t\t\t\t<\/span>\n\t\t\t\t\t<\/h2>\n\t\t\t\t\n\t\t\t\t\t\t\t\t\t<p class=\"elementor-icon-box-description\">\n\t\t\t\t\t\tTem d\u00favidas sobre planos, recursos, integra\u00e7\u00f5es ou qual solu\u00e7\u00e3o \u00e9 ideal para o seu neg\u00f3cio?\nPreencha o formul\u00e1rio e um de nossos especialistas entrar\u00e1 em contato para entender suas necessidades e apresentar as melhores op\u00e7\u00f5es\t\t\t\t\t<\/p>\n\t\t\t\t\n\t\t\t<\/div>\n\t\t\t\n\t\t<\/div>\n\t\t\t\t\t\t<\/div>\n\t\t\t\t<\/div>\n\t\t\t\t<\/div>\n\t\t<div class=\"elementor-element elementor-element-17dba9fb e-con-full animated-fast e-flex elementor-invisible e-con e-child\" data-id=\"17dba9fb\" data-element_type=\"container\" data-e-type=\"container\" data-settings=\"{&quot;animation&quot;:&quot;fadeInRight&quot;}\">\n\t\t<div class=\"elementor-element elementor-element-2bd849d e-con-full e-flex e-con e-child\" data-id=\"2bd849d\" data-element_type=\"container\" data-e-type=\"container\" data-settings=\"{&quot;background_background&quot;:&quot;classic&quot;}\">\n\t\t\t\t<div class=\"elementor-element elementor-element-ace33e7 elementor-widget__width-initial elementor-widget elementor-widget-text-editor\" data-id=\"ace33e7\" data-element_type=\"widget\" data-e-type=\"widget\" data-widget_type=\"text-editor.default\">\n\t\t\t\t<div class=\"elementor-widget-container\">\n\t\t\t\t\t\t\t\t\t<span class=\"bsc-text mobile-heading-sm-semi-bold\">Preencha os campos abaixo e aguarde um dos nossos especialistas entrar em contato:<\/span>\t\t\t\t\t\t\t\t<\/div>\n\t\t\t\t<\/div>\n\t\t\t\t<div class=\"elementor-element elementor-element-05fee48 elementor-widget elementor-widget-text-editor\" data-id=\"05fee48\" data-element_type=\"widget\" data-e-type=\"widget\" data-widget_type=\"text-editor.default\">\n\t\t\t\t<div class=\"elementor-widget-container\">\n\t\t\t\t\t\t\t\t\t<p>Entraremos em contato o mais breve poss\u00edvel para te ajudar a impulsionar seus resultados.<\/p>\t\t\t\t\t\t\t\t<\/div>\n\t\t\t\t<\/div>\n\t\t\t\t<div class=\"elementor-element elementor-element-2f585386 elementor-button-align-center elementor-mobile-button-align-center elementor-widget elementor-widget-form\" data-id=\"2f585386\" data-element_type=\"widget\" data-e-type=\"widget\" data-settings=\"{&quot;step_next_label&quot;:&quot;Next&quot;,&quot;step_previous_label&quot;:&quot;Previous&quot;,&quot;button_width&quot;:&quot;100&quot;,&quot;step_type&quot;:&quot;number_text&quot;,&quot;step_icon_shape&quot;:&quot;circle&quot;}\" data-widget_type=\"form.default\">\n\t\t\t\t<div class=\"elementor-widget-container\">\n\t\t\t\t\t\t\t<form class=\"elementor-form\" method=\"post\" id=\"etag_form_contato\" name=\"Contato\" aria-label=\"Contato\" novalidate=\"\">\n\t\t\t<input type=\"hidden\" name=\"post_id\" value=\"10074\"\/>\n\t\t\t<input type=\"hidden\" name=\"form_id\" value=\"2f585386\"\/>\n\t\t\t<input type=\"hidden\" name=\"referer_title\" value=\"Etag Digital\" \/>\n\n\t\t\t\n\t\t\t<div class=\"elementor-form-fields-wrapper elementor-labels-\">\n\t\t\t\t\t\t\t\t<div class=\"elementor-field-type-text elementor-field-group elementor-column elementor-field-group-name elementor-col-50 elementor-field-required\">\n\t\t\t\t\t\t\t\t\t\t\t\t<label for=\"form-field-name\" class=\"elementor-field-label elementor-screen-only\">\n\t\t\t\t\t\t\t\tNome *\t\t\t\t\t\t\t<\/label>\n\t\t\t\t\t\t\t\t\t\t\t\t\t\t<input size=\"1\" type=\"text\" name=\"form_fields[name]\" id=\"form-field-name\" class=\"elementor-field elementor-size-sm  elementor-field-textual\" placeholder=\"Nome *\" required=\"required\">\n\t\t\t\t\t\t\t\t\t\t\t<\/div>\n\t\t\t\t\t\t\t\t<div class=\"elementor-field-type-email elementor-field-group elementor-column elementor-field-group-field_bfb1b78 elementor-col-50 elementor-field-required\">\n\t\t\t\t\t\t\t\t\t\t\t\t<label for=\"form-field-field_bfb1b78\" class=\"elementor-field-label elementor-screen-only\">\n\t\t\t\t\t\t\t\tE-mail Corporativo\t\t\t\t\t\t\t<\/label>\n\t\t\t\t\t\t\t\t\t\t\t\t\t\t<input size=\"1\" type=\"email\" name=\"form_fields[field_bfb1b78]\" id=\"form-field-field_bfb1b78\" class=\"elementor-field elementor-size-sm  elementor-field-textual\" placeholder=\"E-mail Corporativo *\" required=\"required\">\n\t\t\t\t\t\t\t\t\t\t\t<\/div>\n\t\t\t\t\t\t\t\t<div class=\"elementor-field-type-tel elementor-field-group elementor-column elementor-field-group-field_f5f1e1b elementor-col-50\">\n\t\t\t\t\t\t\t\t\t\t\t\t<label for=\"form-field-field_f5f1e1b\" class=\"elementor-field-label elementor-screen-only\">\n\t\t\t\t\t\t\t\tTelefone\t\t\t\t\t\t\t<\/label>\n\t\t\t\t\t\t\t\t<input size=\"1\" type=\"tel\" name=\"form_fields[field_f5f1e1b]\" id=\"form-field-field_f5f1e1b\" class=\"elementor-field elementor-size-sm  elementor-field-textual\" placeholder=\"Telefone *\" pattern=\"[0-9()#&amp;+*-=.]+\" title=\"Only numbers and phone characters (#, -, *, etc) are accepted.\">\n\n\t\t\t\t\t\t<\/div>\n\t\t\t\t\t\t\t\t<div class=\"elementor-field-type-text elementor-field-group elementor-column elementor-field-group-field_5e63ec7 elementor-col-50\">\n\t\t\t\t\t\t\t\t\t\t\t\t<label for=\"form-field-field_5e63ec7\" class=\"elementor-field-label elementor-screen-only\">\n\t\t\t\t\t\t\t\tEmpresa *\t\t\t\t\t\t\t<\/label>\n\t\t\t\t\t\t\t\t\t\t\t\t\t\t<input size=\"1\" type=\"text\" name=\"form_fields[field_5e63ec7]\" id=\"form-field-field_5e63ec7\" class=\"elementor-field elementor-size-sm  elementor-field-textual\" placeholder=\"Empresa *\">\n\t\t\t\t\t\t\t\t\t\t\t<\/div>\n\t\t\t\t\t\t\t\t<div class=\"elementor-field-type-textarea elementor-field-group elementor-column elementor-field-group-message elementor-col-100\">\n\t\t\t\t\t\t\t\t\t\t\t\t<label for=\"form-field-message\" class=\"elementor-field-label elementor-screen-only\">\n\t\t\t\t\t\t\t\tMensagem\t\t\t\t\t\t\t<\/label>\n\t\t\t\t\t\t<textarea class=\"elementor-field-textual elementor-field  elementor-size-sm\" name=\"form_fields[message]\" id=\"form-field-message\" rows=\"4\" placeholder=\"Diga-nos como podemos ajudar *\"><\/textarea>\t\t\t\t<\/div>\n\t\t\t\t\t\t\t\t<div class=\"elementor-field-type-html elementor-field-group elementor-column elementor-field-group-field_d89d780 elementor-col-100\">\n\t\t\t\t\t<div style=\"margin-top:20px; text-align:center; font-family:'Arial', sans-serif; font-size:12px; color:#323233;\">\n  <p>\n    Ao preencher o formul\u00e1rio, <strong>concordo*<\/strong> em receber comunica\u00e7\u00f5es de acordo com meus interesses. \n    Ao informar meus dados, eu concordo com a \n    <a href=\"https:\/\/etagdigital.com\/politica-de-privacidade\/\" style=\"color:#1a0dab; text-decoration:underline;\">Pol\u00edtica de privacidade<\/a>.\n  <\/p>\n\n  <p style=\"font-style:italic; color:#444; margin-top:6px;\">\n    <span  style=\"color: red\">*<\/span> Voc\u00ea pode alterar suas permiss\u00f5es de comunica\u00e7\u00e3o a qualquer tempo.\n  <\/p>\n\n  <p style=\"background-color:#f0f0f0; display:inline-block; padding:6px 12px; border-radius:4px; margin-top:8px; color:#323233;\">\n    Nos comprometemos em guardar suas informa\u00e7\u00f5es em seguran\u00e7a.\n  <\/p>\n<\/div>\n\t\t\t\t<\/div>\n\t\t\t\t\t\t\t\t<div class=\"elementor-field-type-recaptcha_v3 elementor-field-group elementor-column elementor-field-group-field_b63f311 elementor-col-100 recaptcha_v3-bottomright\">\n\t\t\t\t\t<div class=\"elementor-field\" id=\"form-field-field_b63f311\"><div class=\"elementor-g-recaptcha\" data-sitekey=\"6LddGZYrAAAAAEG1YMv7RL6nhLuUHZe3lpmdS2dJ\" data-type=\"v3\" data-action=\"Form\" data-badge=\"bottomright\" data-size=\"invisible\"><\/div><\/div>\t\t\t\t<\/div>\n\t\t\t\t\t\t\t\t<div class=\"elementor-field-group elementor-column elementor-field-type-submit elementor-col-100 e-form__buttons\">\n\t\t\t\t\t<button class=\"elementor-button elementor-size-sm elementor-animation-grow\" type=\"submit\" id=\"etag-form-btn-submit\">\n\t\t\t\t\t\t<span class=\"elementor-button-content-wrapper\">\n\t\t\t\t\t\t\t\t\t\t\t\t\t\t\t\t\t\t\t\t\t\t<span class=\"elementor-button-text\">Solicitar contato<\/span>\n\t\t\t\t\t\t\t\t\t\t\t\t\t<\/span>\n\t\t\t\t\t<\/button>\n\t\t\t\t<\/div>\n\t\t\t<\/div>\n\t\t<\/form>\n\t\t\t\t\t\t<\/div>\n\t\t\t\t<\/div>\n\t\t\t\t<div class=\"elementor-element elementor-element-b71e47c elementor-widget elementor-widget-html\" data-id=\"b71e47c\" data-element_type=\"widget\" data-e-type=\"widget\" data-widget_type=\"html.default\">\n\t\t\t\t<div class=\"elementor-widget-container\">\n\t\t\t\t\t<style>\r\n  .etag-alert {\r\n    position: fixed;\r\n    top: 20px;\r\n    right: 20px;\r\n    background: #ff4f4f;\r\n    color: #fff;\r\n    padding: 14px 18px;\r\n    border-radius: 8px;\r\n    font-size: 14px;\r\n    font-weight: 500;\r\n    z-index: 99999;\r\n    box-shadow: 0 4px 12px rgba(0, 0, 0, 0.2);\r\n    opacity: 0;\r\n    transform: translateY(20px);\r\n    transition: all 0.3s ease;\r\n  }\r\n  .etag-alert.show {\r\n    opacity: 1;\r\n    transform: translateY(0);\r\n  }\r\n<\/style>\r\n\r\n<div id=\"etagToast\" class=\"etag-alert\"><\/div>\r\n\r\n<script>\r\n  function showToast(msg) {\r\n    const toast = document.querySelector(\"#etagToast\");\r\n    toast.textContent = msg;\r\n    toast.classList.add(\"show\");\r\n\r\n    setTimeout(() => toast.classList.remove(\"show\"), 3000);\r\n  }\r\n<\/script>\r\n\r\n<script>\r\n  setTimeout(() => {\r\n    const freeMailProviders = [\r\n      \"gmail.\",\r\n      \"yahoo.\",\r\n      \"hotmail.\",\r\n      \"outlook.\",\r\n      \"live.\",\r\n      \"msn.\",\r\n      \"icloud.\",\r\n      \"me.com\",\r\n      \"mac.com\",\r\n      \"aol.\",\r\n      \"protonmail.\",\r\n      \"gmx.\",\r\n      \"mail.com\",\r\n      \"mail.ru\",\r\n      \"yandex.\",\r\n      \"zoho.\",\r\n      \"fastmail.\",\r\n      \"inbox.\",\r\n      \"bk.ru\",\r\n      \"list.ru\",\r\n\r\n      \/\/ Brasil\r\n      \"bol.\",\r\n      \"uol.\",\r\n      \"terra.\",\r\n      \"ig.com.\",\r\n      \"r7.com\",\r\n      \"superig.\",\r\n      \"zipmail.\",\r\n      \"globo.\",\r\n      \"oi.com.\",\r\n      \"brturbo.\",\r\n      \"hotmail.com.br\",\r\n      \"live.com.br\",\r\n      \"outlook.com.br\",\r\n\r\n      \/\/ Internacionais\r\n      \"163.com\",\r\n      \"126.com\",\r\n      \"sina.com\",\r\n      \"qq.com\",\r\n      \"naver.com\",\r\n      \"daum.net\",\r\n      \"hanmail.net\",\r\n      \"laposte.net\",\r\n      \"free.fr\",\r\n      \"web.de\",\r\n      \"t-online.de\",\r\n\r\n      \/\/ Privacidade\r\n      \"tutanota.\",\r\n      \"posteo.\",\r\n      \"riseup.\",\r\n      \"hushmail.\",\r\n      \"runbox.\",\r\n      \"startmail.\",\r\n      \"countermail.\",\r\n\r\n      \/\/ Tempor\u00e1rios\r\n      \"tempmail.\",\r\n      \"10minutemail.\",\r\n      \"mailinator.\",\r\n      \"guerrillamail.\",\r\n      \"throwawaymail.\",\r\n      \"yopmail.\",\r\n      \"moakt.\",\r\n      \"trashmail.\",\r\n      \"maildrop.\",\r\n      \"dispostable.\",\r\n    ];\r\n\r\n    \r\n    const emailField = document.querySelector(\r\n      '#etag_form_contato input[type=\"email\"]'\r\n    );\r\n    if (!emailField) return;\r\n\r\n    emailField.addEventListener(\"blur\", function () {\r\n      const email = emailField.value.toLowerCase();\r\n\r\n      if (freeMailProviders.some((domain) => email.includes(\"@\" + domain))) {\r\n        emailField.value = \"\"; \/\/ limpa\r\n        emailField.style.border = \"2px solid red\"; \/\/ borda vermelha\r\n\r\n      \r\n        showToast(\"Por favor, use um e-mail corporativo.\");\r\n      } else {\r\n        emailField.style.border = \"\"; \/\/ normaliza\r\n      }\r\n    });\r\n  }, 500);\r\n<\/script>\r\n\t\t\t\t<\/div>\n\t\t\t\t<\/div>\n\t\t\t\t<\/div>\n\t\t\t\t<\/div>\n\t\t\t\t<\/div>\n\t\t\t\t\t<\/div>\n\t\t\t\t<\/div>\n\t\t\t\t<\/div>\n\t\t\n    <div class=\"xs_social_share_widget xs_share_url after_content \t\tmain_content  wslu-style-1 wslu-share-box-shaped wslu-fill-colored wslu-none wslu-share-horizontal wslu-theme-font-no wslu-main_content\">\n\n\t\t\n        <ul>\n\t\t\t        <\/ul>\n    <\/div> \n","protected":false},"excerpt":{"rendered":"<p>Fale com os especialistas da etag Tem d\u00favidas sobre planos, recursos, integra\u00e7\u00f5es ou qual solu\u00e7\u00e3o \u00e9 ideal para o seu neg\u00f3cio? Preencha o formul\u00e1rio e um de nossos especialistas entrar\u00e1 em contato para entender suas necessidades e apresentar as melhores op\u00e7\u00f5es Preencha os campos abaixo e aguarde um dos nossos especialistas entrar em contato: Entraremos [&hellip;]<\/p>\n","protected":false},"author":2,"featured_media":0,"parent":0,"menu_order":0,"comment_status":"closed","ping_status":"closed","template":"","meta":{"postBodyCss":"","postBodyMargin":[],"postBodyPadding":[],"postBodyBackground":{"backgroundType":"classic","gradient":""},"site-sidebar-layout":"no-sidebar","site-content-layout":"page-builder","ast-site-content-layout":"full-width-container","site-content-style":"default","site-sidebar-style":"default","ast-global-header-display":"","ast-banner-title-visibility":"","ast-main-header-display":"","ast-hfb-above-header-display":"","ast-hfb-below-header-display":"","ast-hfb-mobile-header-display":"","site-post-title":"disabled","ast-breadcrumbs-content":"","ast-featured-img":"disabled","footer-sml-layout":"","theme-transparent-header-meta":"","adv-header-id-meta":"","stick-header-meta":"","header-above-stick-meta":"","header-main-stick-meta":"","header-below-stick-meta":"","astra-migrate-meta-layouts":"set","ast-page-background-enabled":"default","ast-page-background-meta":{"desktop":{"background-color":"","background-image":"","background-repeat":"repeat","background-position":"center center","background-size":"auto","background-attachment":"scroll","background-type":"","background-media":"","overlay-type":"","overlay-color":"","overlay-opacity":"","overlay-gradient":""},"tablet":{"background-color":"","background-image":"","background-repeat":"repeat","background-position":"center center","background-size":"auto","background-attachment":"scroll","background-type":"","background-media":"","overlay-type":"","overlay-color":"","overlay-opacity":"","overlay-gradient":""},"mobile":{"background-color":"","background-image":"","background-repeat":"repeat","background-position":"center center","background-size":"auto","background-attachment":"scroll","background-type":"","background-media":"","overlay-type":"","overlay-color":"","overlay-opacity":"","overlay-gradient":""}},"ast-content-background-meta":{"desktop":{"background-color":"var(--ast-global-color-5)","background-image":"","background-repeat":"repeat","background-position":"center center","background-size":"auto","background-attachment":"scroll","background-type":"","background-media":"","overlay-type":"","overlay-color":"","overlay-opacity":"","overlay-gradient":""},"tablet":{"background-color":"var(--ast-global-color-5)","background-image":"","background-repeat":"repeat","background-position":"center center","background-size":"auto","background-attachment":"scroll","background-type":"","background-media":"","overlay-type":"","overlay-color":"","overlay-opacity":"","overlay-gradient":""},"mobile":{"background-color":"var(--ast-global-color-5)","background-image":"","background-repeat":"repeat","background-position":"center center","background-size":"auto","background-attachment":"scroll","background-type":"","background-media":"","overlay-type":"","overlay-color":"","overlay-opacity":"","overlay-gradient":""}},"footnotes":""},"class_list":["post-10074","page","type-page","status-publish","hentry"],"yoast_head":"<!-- This site is optimized with the Yoast SEO plugin v27.4 - https:\/\/yoast.com\/product\/yoast-seo-wordpress\/ -->\n<title>Contato - Etag Digital<\/title>\n<meta name=\"robots\" content=\"index, follow, max-snippet:-1, max-image-preview:large, max-video-preview:-1\" \/>\n<link rel=\"canonical\" href=\"https:\/\/etagdigital.com\/en\/contato\/\" \/>\n<meta property=\"og:locale\" content=\"en_US\" \/>\n<meta property=\"og:type\" content=\"article\" \/>\n<meta property=\"og:title\" content=\"Contato - Etag Digital\" \/>\n<meta property=\"og:description\" content=\"Fale com os especialistas da etag Tem d\u00favidas sobre planos, recursos, integra\u00e7\u00f5es ou qual solu\u00e7\u00e3o \u00e9 ideal para o seu neg\u00f3cio? Preencha o formul\u00e1rio e um de nossos especialistas entrar\u00e1 em contato para entender suas necessidades e apresentar as melhores op\u00e7\u00f5es Preencha os campos abaixo e aguarde um dos nossos especialistas entrar em contato: Entraremos [&hellip;]\" \/>\n<meta property=\"og:url\" content=\"https:\/\/etagdigital.com\/en\/contato\/\" \/>\n<meta property=\"og:site_name\" content=\"Etag Digital\" \/>\n<meta property=\"article:publisher\" content=\"https:\/\/www.facebook.com\/etagdigital\" \/>\n<meta property=\"article:modified_time\" content=\"2025-11-21T18:13:09+00:00\" \/>\n<meta name=\"twitter:card\" content=\"summary_large_image\" \/>\n<meta name=\"twitter:site\" content=\"@etagdigital\" \/>\n<meta name=\"twitter:label1\" content=\"Est. reading time\" \/>\n\t<meta name=\"twitter:data1\" content=\"1 minute\" \/>\n<!-- \/ Yoast SEO plugin. -->","yoast_head_json":{"title":"Contato - Etag Digital","robots":{"index":"index","follow":"follow","max-snippet":"max-snippet:-1","max-image-preview":"max-image-preview:large","max-video-preview":"max-video-preview:-1"},"canonical":"https:\/\/etagdigital.com\/en\/contato\/","og_locale":"en_US","og_type":"article","og_title":"Contato - Etag Digital","og_description":"Fale com os especialistas da etag Tem d\u00favidas sobre planos, recursos, integra\u00e7\u00f5es ou qual solu\u00e7\u00e3o \u00e9 ideal para o seu neg\u00f3cio? Preencha o formul\u00e1rio e um de nossos especialistas entrar\u00e1 em contato para entender suas necessidades e apresentar as melhores op\u00e7\u00f5es Preencha os campos abaixo e aguarde um dos nossos especialistas entrar em contato: Entraremos [&hellip;]","og_url":"https:\/\/etagdigital.com\/en\/contato\/","og_site_name":"Etag Digital","article_publisher":"https:\/\/www.facebook.com\/etagdigital","article_modified_time":"2025-11-21T18:13:09+00:00","twitter_card":"summary_large_image","twitter_site":"@etagdigital","twitter_misc":{"Est. reading time":"1 minute"},"schema":{"@context":"https:\/\/schema.org","@graph":[{"@type":"WebPage","@id":"https:\/\/etagdigital.com\/contato\/","url":"https:\/\/etagdigital.com\/contato\/","name":"Contato - Etag Digital","isPartOf":{"@id":"https:\/\/etagdigital.com\/#website"},"datePublished":"2025-11-05T17:13:54+00:00","dateModified":"2025-11-21T18:13:09+00:00","breadcrumb":{"@id":"https:\/\/etagdigital.com\/contato\/#breadcrumb"},"inLanguage":"en-US","potentialAction":[{"@type":"ReadAction","target":["https:\/\/etagdigital.com\/contato\/"]}]},{"@type":"BreadcrumbList","@id":"https:\/\/etagdigital.com\/contato\/#breadcrumb","itemListElement":[{"@type":"ListItem","position":1,"name":"In\u00edcio","item":"https:\/\/etagdigital.com\/"},{"@type":"ListItem","position":2,"name":"Contato"}]},{"@type":"WebSite","@id":"https:\/\/etagdigital.com\/#website","url":"https:\/\/etagdigital.com\/","name":"Etag Digital","description":"","publisher":{"@id":"https:\/\/etagdigital.com\/#organization"},"potentialAction":[{"@type":"SearchAction","target":{"@type":"EntryPoint","urlTemplate":"https:\/\/etagdigital.com\/?s={search_term_string}"},"query-input":{"@type":"PropertyValueSpecification","valueRequired":true,"valueName":"search_term_string"}}],"inLanguage":"en-US"},{"@type":"Organization","@id":"https:\/\/etagdigital.com\/#organization","name":"Etag Digital","alternateName":"Etag Digital","url":"https:\/\/etagdigital.com\/","logo":{"@type":"ImageObject","inLanguage":"en-US","@id":"https:\/\/etagdigital.com\/#\/schema\/logo\/image\/","url":"https:\/\/cdn.etagdigital.com\/site-institucional\/2024\/11\/logo-principal.png","contentUrl":"https:\/\/cdn.etagdigital.com\/site-institucional\/2024\/11\/logo-principal.png","width":606,"height":252,"caption":"Etag Digital"},"image":{"@id":"https:\/\/etagdigital.com\/#\/schema\/logo\/image\/"},"sameAs":["https:\/\/www.facebook.com\/etagdigital","https:\/\/x.com\/etagdigital","https:\/\/www.linkedin.com\/company\/etag-digital\/","https:\/\/www.instagram.com\/etagdigital\/","https:\/\/www.youtube.com\/@etagdigital3207"]}]}},"jetpack_sharing_enabled":true,"_links":{"self":[{"href":"https:\/\/etagdigital.com\/en\/wp-json\/wp\/v2\/pages\/10074","targetHints":{"allow":["GET"]}}],"collection":[{"href":"https:\/\/etagdigital.com\/en\/wp-json\/wp\/v2\/pages"}],"about":[{"href":"https:\/\/etagdigital.com\/en\/wp-json\/wp\/v2\/types\/page"}],"author":[{"embeddable":true,"href":"https:\/\/etagdigital.com\/en\/wp-json\/wp\/v2\/users\/2"}],"replies":[{"embeddable":true,"href":"https:\/\/etagdigital.com\/en\/wp-json\/wp\/v2\/comments?post=10074"}],"version-history":[{"count":209,"href":"https:\/\/etagdigital.com\/en\/wp-json\/wp\/v2\/pages\/10074\/revisions"}],"predecessor-version":[{"id":11870,"href":"https:\/\/etagdigital.com\/en\/wp-json\/wp\/v2\/pages\/10074\/revisions\/11870"}],"wp:attachment":[{"href":"https:\/\/etagdigital.com\/en\/wp-json\/wp\/v2\/media?parent=10074"}],"curies":[{"name":"wp","href":"https:\/\/api.w.org\/{rel}","templated":true}]}}